{"id":1752,"date":"2021-05-02T12:59:17","date_gmt":"2021-05-02T12:59:17","guid":{"rendered":"http:\/\/inevitablecompany.es\/?page_id=1752"},"modified":"2021-07-11T16:12:17","modified_gmt":"2021-07-11T16:12:17","slug":"style-sheet","status":"publish","type":"page","link":"https:\/\/factor-h.org\/es\/style-sheet","title":{"rendered":"HOJA DE ESTILO"},"content":{"rendered":"<h1>(T\u00edtulo H1) \u2013 Primaria<br \/>\nAgregue su texto de encabezado aqu\u00ed<br \/>\ninterlineado<\/h1>\n<h2><\/h2>\n<h2 data-elementor-setting-key=\"title\" data-pen-placeholder=\"Type Here...\" style=\"font-family: var( --e-global-typography-primary-font-family ), Sans-serif; font-weight: var( --e-global-typography-primary-font-weight ); color: rgb(0, 0, 0); text-transform: none;\">(T\u00edtulo H2 predeterminado) Primario Agregue su texto de encabezado aqu\u00ed<\/h2>\n<h2 data-elementor-setting-key=\"title\" data-pen-placeholder=\"Type Here...\" style=\"font-family: var( --e-global-typography-primary-font-family ), Sans-serif; font-weight: var( --e-global-typography-primary-font-weight ); color: rgb(0, 0, 0); text-transform: none;\">P\u00e1rrafo interlineado.<\/h2>\n<h3>(T\u00edtulo H3) \u2013 Primaria<br \/>\nAgregue su texto de encabezado aqu\u00ed<br \/>\nP\u00e1rrafo interlineado.<\/h3>\n<h4>(T\u00edtulo H4) Primario Agregue su texto de encabezado aqu\u00ed<br \/>\nP\u00e1rrafo interlineado.<\/h4>\n<h2>T\u00edtulo Agregue su texto de encabezado aqu\u00ed \u2013 H2 \u2013 principal<\/h2>\n<p>Lorem ipsum dolor sit amet, consectetur adipiscing elit. Ut elit tellus, luctus nec ullamcorper mattis, pulvinar dapibus leo.<\/p>\n<h1>T\u00edtulo Agregue su texto de encabezado aqu\u00ed \u2013 H1 \u2013 principal<\/h1>\n<h2>T\u00edtulo Agregue su texto de encabezado aqu\u00ed \u2013 H2 \u2013 principal<\/h2>\n<h3>T\u00edtulo Agregue su texto de encabezado aqu\u00ed \u2013 H3 \u2013 principal<\/h3>\n<h4>T\u00edtulo Agregue su texto de encabezado aqu\u00ed \u2013 H4 \u2013 principal<\/h4>\n<h5>T\u00edtulo Agregue su texto de encabezado aqu\u00ed \u2013 H5 \u2013 principal<\/h5>\n<h6>T\u00edtulo Agregue su texto de encabezado aqu\u00ed \u2013 H6 \u2013 principal<\/h6>\n<p>Lorem ipsum dolor sit amet, consectetur adipiscing elit. Ut elit tellus, luctus nec ullamcorper mattis, pulvinar dapibus leo.<\/p>\n<h2>T\u00edtulo \u2013 \u201cLorem ipsum dolor sit amet, consectetur adipiscing elit, sed do eiusmod tempor incididunt ut labore et dolore magna aliqua. Ut enim ad minim veniam, quis nostrud exercitation ullamco laboris nisi ut aliquip ex ea commodo consequat. Duis aute irure dolor in reprehenderit in voluptate velit esse cillum dolore eu fugiat nulla pariatur. Excepteur sint occaecat cupidatat non proident, sunt in culpa qui oficia deserunt mollit anim id est laborum\u201d.<br \/>\nT\u00edtulo \u2013 \u201cLorem ipsum dolor sit amet, consectetur adipiscing elit, sed do eiusmod tempor incididunt ut labore et dolore magna aliqua. Ut enim ad minim veniam, quis nostrud exercitation ullamco laboris nisi ut aliquip ex ea commodo consequat. Duis aute irure dolor in reprehenderit in voluptate velit esse cillum dolore eu fugiat nulla pariatur. Excepteur sint occaecat cupidatat non proident, sunt in culpa qui oficia deserunt mollit anim id est laborum\u201d.<\/h2>","protected":false},"excerpt":{"rendered":"<p>(Title H1) &#8211; Primary Add Your Heading Text Here Interlineado (Title H2 default) Primary Add Your Heading Text Here Interlineado p\u00e1rrafo. (Title H3) &#8211; Primary Add Your Heading Text Here Interlineado p\u00e1rrafo. (Title H4) Primary Add Your Heading Text Here Interlineado p\u00e1rrafo. Title Add Your Heading Text Here &#8211; H2 &#8211; primary Lorem ipsum dolor [&hellip;]<\/p>\n","protected":false},"author":1,"featured_media":0,"parent":0,"menu_order":0,"comment_status":"closed","ping_status":"closed","template":"","meta":{"_monsterinsights_skip_tracking":false,"_monsterinsights_sitenote_active":false,"_monsterinsights_sitenote_note":"","_monsterinsights_sitenote_category":0,"footnotes":""},"class_list":["post-1752","page","type-page","status-publish","hentry"],"aioseo_notices":[],"_links":{"self":[{"href":"https:\/\/factor-h.org\/es\/wp-json\/wp\/v2\/pages\/1752","targetHints":{"allow":["GET"]}}],"collection":[{"href":"https:\/\/factor-h.org\/es\/wp-json\/wp\/v2\/pages"}],"about":[{"href":"https:\/\/factor-h.org\/es\/wp-json\/wp\/v2\/types\/page"}],"author":[{"embeddable":true,"href":"https:\/\/factor-h.org\/es\/wp-json\/wp\/v2\/users\/1"}],"replies":[{"embeddable":true,"href":"https:\/\/factor-h.org\/es\/wp-json\/wp\/v2\/comments?post=1752"}],"version-history":[{"count":0,"href":"https:\/\/factor-h.org\/es\/wp-json\/wp\/v2\/pages\/1752\/revisions"}],"wp:attachment":[{"href":"https:\/\/factor-h.org\/es\/wp-json\/wp\/v2\/media?parent=1752"}],"curies":[{"name":"wp","href":"https:\/\/api.w.org\/{rel}","templated":true}]}}